{"id":14378,"date":"2021-01-25T06:45:14","date_gmt":"2021-01-25T06:45:14","guid":{"rendered":"https:\/\/fortunamotorkft.hu\/contact\/"},"modified":"2026-01-13T12:06:01","modified_gmt":"2026-01-13T12:06:01","slug":"contact","status":"publish","type":"page","link":"https:\/\/fortunamotorkft.hu\/fr\/contact\/","title":{"rendered":"Contact"},"content":{"rendered":"\t\t<div data-elementor-type=\"wp-page\" data-elementor-id=\"14378\" class=\"elementor elementor-14378 elementor-5724\" data-elementor-post-type=\"page\">\n\t\t\t\t\t\t<section class=\"elementor-section elementor-top-section elementor-element elementor-element-7ec62ad elementor-section-content-middle elementor-section-boxed elementor-section-height-default elementor-section-height-default\" data-id=\"7ec62ad\" data-element_type=\"section\" data-e-type=\"section\">\n\t\t\t\t\t\t<div class=\"elementor-container elementor-column-gap-default\">\n\t\t\t\t\t<div class=\"elementor-column elementor-col-33 elementor-top-column elementor-element elementor-element-1030e4e\" data-id=\"1030e4e\" data-element_type=\"column\" data-e-type=\"column\">\n\t\t\t<div class=\"elementor-widget-wrap elementor-element-populated\">\n\t\t\t\t\t\t<div class=\"elementor-element elementor-element-295f5a3 elementor-widget elementor-widget-heading\" data-id=\"295f5a3\" data-element_type=\"widget\" data-e-type=\"widget\" data-widget_type=\"heading.default\">\n\t\t\t\t<div class=\"elementor-widget-container\">\n\t\t\t\t\t<h2 class=\"elementor-heading-title elementor-size-default\">Fortuna Motor Kft.<\/h2>\t\t\t\t<\/div>\n\t\t\t\t<\/div>\n\t\t\t\t<div class=\"elementor-element elementor-element-cf11e08 elementor-widget elementor-widget-text-editor\" data-id=\"cf11e08\" data-element_type=\"widget\" data-e-type=\"widget\" data-widget_type=\"text-editor.default\">\n\t\t\t\t<div class=\"elementor-widget-container\">\n\t\t\t\t\t\t\t\t\t<p>Nous sommes ravis que vous nous ayez trouv\u00e9s, \u00e9crivez-nous ou contactez-nous par t\u00e9l\u00e9phone si vous souhaitez nous rendre visite.<\/p>\t\t\t\t\t\t\t\t<\/div>\n\t\t\t\t<\/div>\n\t\t\t\t<div class=\"elementor-element elementor-element-70ebf0a elementor-icon-list--layout-traditional elementor-widget elementor-widget-menu_list\" data-id=\"70ebf0a\" data-element_type=\"widget\" data-e-type=\"widget\" data-widget_type=\"menu_list.default\">\n\t\t\t\t<div class=\"elementor-widget-container\">\n\t\t\t\t\t        <div class=\"jws-menu-list\">\r\n                \t\t<ul class=\"elementor-icon-list-items default\">\r\n    \t\t\t    \t\t\t\t<li class=\"elementor-icon-list-item\">\r\n    \t\t\t\t\t    \t\t\t\t\t\t<span class=\"elementor-icon-list-icon\">\r\n    \t\t\t\t\t\t\t<i aria-hidden=\"true\" class=\"icon icon-icon_pin\"><\/i>    \t\t\t\t\t\t<\/span>\r\n    \t\t\t\t\t    \t\t\t\t\t<span class=\"elementor-icon-list-text\">\r\n                        7017 Mez\u0151szilas, J\u00f3zsef Attila utca 2\/g                        <\/span>\r\n    \t\t\t\t\t    \t\t\t\t<\/li>\r\n    \t\t\t\t    \t\t\t\t<li class=\"elementor-icon-list-item\">\r\n    \t\t\t\t\t<a href=\"tel:+36%2020%20547%202832\">    \t\t\t\t\t\t<span class=\"elementor-icon-list-icon\">\r\n    \t\t\t\t\t\t\t<i aria-hidden=\"true\" class=\"icon icon-icon_phone\"><\/i>    \t\t\t\t\t\t<\/span>\r\n    \t\t\t\t\t    \t\t\t\t\t<span class=\"elementor-icon-list-text\">\r\n                        +36 20 547 2832                        <\/span>\r\n    \t\t\t\t\t    \t\t\t\t\t\t<\/a>\r\n    \t\t\t\t\t    \t\t\t\t<\/li>\r\n    \t\t\t\t    \t\t\t\t<li class=\"elementor-icon-list-item\">\r\n    \t\t\t\t\t    \t\t\t\t\t\t<span class=\"elementor-icon-list-icon\">\r\n    \t\t\t\t\t\t\t<i aria-hidden=\"true\" class=\"icon icon-icon_clock_alt\"><\/i>    \t\t\t\t\t\t<\/span>\r\n    \t\t\t\t\t    \t\t\t\t\t<span class=\"elementor-icon-list-text\">\r\n                        H-P: 8:00 - 17:00                        <\/span>\r\n    \t\t\t\t\t    \t\t\t\t<\/li>\r\n    \t\t\t\t    \t\t<\/ul>\r\n        <\/div>\r\n\t\t\t\t\t\t<\/div>\n\t\t\t\t<\/div>\n\t\t\t\t\t<\/div>\n\t\t<\/div>\n\t\t\t\t<div class=\"elementor-column elementor-col-66 elementor-top-column elementor-element elementor-element-2446c45\" data-id=\"2446c45\" data-element_type=\"column\" data-e-type=\"column\">\n\t\t\t<div class=\"elementor-widget-wrap elementor-element-populated\">\n\t\t\t\t\t\t<div class=\"elementor-element elementor-element-9f7f49c jws-cf7-style-box jws-cf7-input-size-sm jws-cf7-button-left jws-cf7-btn-size-sm jws-cf7-highlight-style-default elementor-widget elementor-widget-jws_cf7\" data-id=\"9f7f49c\" data-element_type=\"widget\" data-e-type=\"widget\" data-widget_type=\"jws_cf7.default\">\n\t\t\t\t<div class=\"elementor-widget-container\">\n\t\t\t\t\t\t\t\t\t<div class = \"jws-cf7-container\">\r\n\t\t\t\t\t\t<div class = \"jws-cf7 jws-cf7-style elementor-clickable\">\r\n\t\t\t\t\t\t\n<div class=\"wpcf7 no-js\" id=\"wpcf7-f14511-o1\" lang=\"fr-FR\" dir=\"ltr\" data-wpcf7-id=\"14511\">\n<div class=\"screen-reader-response\"><p role=\"status\" aria-live=\"polite\" aria-atomic=\"true\"><\/p> <ul><\/ul><\/div>\n<form action=\"\/fr\/wp-json\/wp\/v2\/pages\/14378#wpcf7-f14511-o1\" method=\"post\" class=\"wpcf7-form init\" aria-label=\"Formulaire de contact\" novalidate=\"novalidate\" data-status=\"init\">\n<fieldset class=\"hidden-fields-container\"><input type=\"hidden\" name=\"_wpcf7\" value=\"14511\" \/><input type=\"hidden\" name=\"_wpcf7_version\" value=\"6.1.5\" \/><input type=\"hidden\" name=\"_wpcf7_locale\" value=\"fr_FR\" \/><input type=\"hidden\" name=\"_wpcf7_unit_tag\" value=\"wpcf7-f14511-o1\" \/><input type=\"hidden\" name=\"_wpcf7_container_post\" value=\"0\" \/><input type=\"hidden\" name=\"_wpcf7_posted_data_hash\" value=\"\" \/>\n<\/fieldset>\n<div class=\"row\">\n\t<div class=\"col-xl-6 col-lg-6 col-12\">\n\t\t<p><span class=\"wpcf7-form-control-wrap\" data-name=\"name2\"><input size=\"40\" maxlength=\"400\" class=\"wpcf7-form-control wpcf7-text wpcf7-validates-as-required\" aria-required=\"true\" aria-invalid=\"false\" placeholder=\"Nom*\" value=\"\" type=\"text\" name=\"name2\" \/><\/span>\n\t\t<\/p>\n\t<\/div>\n\t<div class=\"col-xl-6 col-lg-6 col-12\">\n\t\t<p><span class=\"wpcf7-form-control-wrap\" data-name=\"email\"><input size=\"40\" maxlength=\"400\" class=\"wpcf7-form-control wpcf7-email wpcf7-validates-as-required wpcf7-text wpcf7-validates-as-email\" aria-required=\"true\" aria-invalid=\"false\" placeholder=\"E-mail*\" value=\"\" type=\"email\" name=\"email\" \/><\/span>\n\t\t<\/p>\n\t<\/div>\n\t<div class=\"col-xl-12 col-lg-12 col-12\">\n\t\t<p><span class=\"wpcf7-form-control-wrap\" data-name=\"subject\"><input size=\"40\" maxlength=\"400\" class=\"wpcf7-form-control wpcf7-text wpcf7-validates-as-required\" aria-required=\"true\" aria-invalid=\"false\" placeholder=\"Objet*\" value=\"\" type=\"text\" name=\"subject\" \/><\/span><br \/>\n<span class=\"wpcf7-form-control-wrap\" data-name=\"message\"><textarea cols=\"40\" rows=\"10\" maxlength=\"2000\" class=\"wpcf7-form-control wpcf7-textarea\" aria-invalid=\"false\" placeholder=\"Message\" name=\"message\"><\/textarea><\/span><br \/>\n<input class=\"wpcf7-form-control wpcf7-submit has-spinner\" type=\"submit\" value=\"ENVOYER\" \/>\n\t\t<\/p>\n\t<\/div>\n<\/div><div class=\"wpcf7-response-output\" aria-hidden=\"true\"><\/div>\n<\/form>\n<\/div>\n\t\t\t\t\t<\/div>\r\n\t\t\t\t<\/div>\r\n\t\t\t\t\t\t\t\t<\/div>\n\t\t\t\t<\/div>\n\t\t\t\t\t<\/div>\n\t\t<\/div>\n\t\t\t\t\t<\/div>\n\t\t<\/section>\n\t\t\t\t<section class=\"elementor-section elementor-top-section elementor-element elementor-element-83e33b4 elementor-section-boxed elementor-section-height-default elementor-section-height-default\" data-id=\"83e33b4\" data-element_type=\"section\" data-e-type=\"section\">\n\t\t\t\t\t\t<div class=\"elementor-container elementor-column-gap-default\">\n\t\t\t\t\t<div class=\"elementor-column elementor-col-100 elementor-top-column elementor-element elementor-element-9b66a0e\" data-id=\"9b66a0e\" data-element_type=\"column\" data-e-type=\"column\">\n\t\t\t<div class=\"elementor-widget-wrap elementor-element-populated\">\n\t\t\t\t\t\t<section class=\"elementor-section elementor-inner-section elementor-element elementor-element-48cd62a elementor-section-content-middle elementor-section-boxed elementor-section-height-default elementor-section-height-default\" data-id=\"48cd62a\" data-element_type=\"section\" data-e-type=\"section\" data-settings=\"{&quot;background_background&quot;:&quot;classic&quot;}\">\n\t\t\t\t\t\t<div class=\"elementor-container elementor-column-gap-default\">\n\t\t\t\t\t<div class=\"elementor-column elementor-col-50 elementor-inner-column elementor-element elementor-element-c877f03\" data-id=\"c877f03\" data-element_type=\"column\" data-e-type=\"column\">\n\t\t\t<div class=\"elementor-widget-wrap elementor-element-populated\">\n\t\t\t\t\t\t<div class=\"elementor-element elementor-element-9b103c3 elementor-widget elementor-widget-text-editor\" data-id=\"9b103c3\" data-element_type=\"widget\" data-e-type=\"widget\" data-widget_type=\"text-editor.default\">\n\t\t\t\t<div class=\"elementor-widget-container\">\n\t\t\t\t\t\t\t\t\t<p>EXPORTATION AUTOMOBILE<\/p><h4 style=\"font-size: 30px; font-weight: bold; color: #ffffff; margin: 10px 0;\">FORTUNA MOTOR KFT.<\/h4><p>SIMPLEMENT, RAPIDEMENT<\/p><p>FIABLEMENT<\/p>\t\t\t\t\t\t\t\t<\/div>\n\t\t\t\t<\/div>\n\t\t\t\t\t<\/div>\n\t\t<\/div>\n\t\t\t\t<div class=\"elementor-column elementor-col-50 elementor-inner-column elementor-element elementor-element-5a45f21\" data-id=\"5a45f21\" data-element_type=\"column\" data-e-type=\"column\">\n\t\t\t<div class=\"elementor-widget-wrap elementor-element-populated\">\n\t\t\t\t\t\t<div class=\"elementor-element elementor-element-22698fc elementor-align-right elementor-mobile-align-left elementor-widget elementor-widget-bloompixel-gradient-button\" data-id=\"22698fc\" data-element_type=\"widget\" data-e-type=\"widget\" data-widget_type=\"bloompixel-gradient-button.default\">\n\t\t\t\t<div class=\"elementor-widget-container\">\n\t\t\t\t\t\t\t<div class=\"elementor-button-wrapper\">\r\n\t\t\t<a href=\"https:\/\/fortunamotorkft.hu\/fr\/a-propos-de-nous\/\" class=\"elementor-button-link elementor-button btn-main elementor-size-sm\" role=\"button\">\r\n\t\t\t\t\t\t<span class=\"elementor-button-content-wrapper\">\r\n\t\t\t\t\t\t<span class=\"elementor-button-icon elementor-align-icon-\">\r\n\t\t\t\t  \r\n\t\t\t<\/span>\r\n\t\t\t\t\t\t<span class=\"elementor-button-text\">\u00c0 propos de nous<\/span>\r\n\t\t<\/span>\r\n\t\t\t\t\t<\/a>\r\n\t\t<\/div>\r\n\t\t\t\t\t\t<\/div>\n\t\t\t\t<\/div>\n\t\t\t\t\t<\/div>\n\t\t<\/div>\n\t\t\t\t\t<\/div>\n\t\t<\/section>\n\t\t\t\t\t<\/div>\n\t\t<\/div>\n\t\t\t\t\t<\/div>\n\t\t<\/section>\n\t\t\t\t<\/div>\n\t\t","protected":false},"excerpt":{"rendered":"<p>Fortuna Motor Kft. Nous sommes ravis que vous nous ayez trouv\u00e9s, \u00e9crivez-nous ou contactez-nous par t\u00e9l\u00e9phone si vous souhaitez nous rendre visite. 7017 Mez\u0151szilas, J\u00f3zsef Attila utca 2\/g +36 20 547 2832 H-P: 8:00 &#8211; 17:00 EXPORTATION AUTOMOBILE FORTUNA MOTOR KFT. SIMPLEMENT, RAPIDEMENT FIABLEMENT \u00c0 propos de nous<\/p>\n","protected":false},"author":1,"featured_media":0,"parent":0,"menu_order":0,"comment_status":"closed","ping_status":"closed","template":"","meta":{"footnotes":""},"class_list":["post-14378","page","type-page","status-publish","hentry"],"_links":{"self":[{"href":"https:\/\/fortunamotorkft.hu\/fr\/wp-json\/wp\/v2\/pages\/14378","targetHints":{"allow":["GET"]}}],"collection":[{"href":"https:\/\/fortunamotorkft.hu\/fr\/wp-json\/wp\/v2\/pages"}],"about":[{"href":"https:\/\/fortunamotorkft.hu\/fr\/wp-json\/wp\/v2\/types\/page"}],"author":[{"embeddable":true,"href":"https:\/\/fortunamotorkft.hu\/fr\/wp-json\/wp\/v2\/users\/1"}],"replies":[{"embeddable":true,"href":"https:\/\/fortunamotorkft.hu\/fr\/wp-json\/wp\/v2\/comments?post=14378"}],"version-history":[{"count":0,"href":"https:\/\/fortunamotorkft.hu\/fr\/wp-json\/wp\/v2\/pages\/14378\/revisions"}],"wp:attachment":[{"href":"https:\/\/fortunamotorkft.hu\/fr\/wp-json\/wp\/v2\/media?parent=14378"}],"curies":[{"name":"wp","href":"https:\/\/api.w.org\/{rel}","templated":true}]}}